{"id":164,"date":"2021-10-28T19:53:49","date_gmt":"2021-10-28T19:53:49","guid":{"rendered":"https:\/\/solarchecklleida.es\/?page_id=164"},"modified":"2021-11-08T17:21:37","modified_gmt":"2021-11-08T17:21:37","slug":"clearshield-proteccion-de-carroceria","status":"publish","type":"page","link":"https:\/\/solarchecklleida.es\/index.php\/clearshield-proteccion-de-carroceria\/","title":{"rendered":"Clearshield protecci\u00f3n de carrocer\u00eda"},"content":{"rendered":"\t\t<div data-elementor-type=\"wp-page\" data-elementor-id=\"164\" class=\"elementor elementor-164\">\n\t\t\t\t\t\t<section class=\"elementor-section elementor-top-section elementor-element elementor-element-6b7d6335 elementor-section-height-min-height elementor-section-stretched elementor-section-boxed elementor-section-height-default elementor-section-items-middle\" data-id=\"6b7d6335\" data-element_type=\"section\" data-settings=\"{&quot;stretch_section&quot;:&quot;section-stretched&quot;,&quot;background_background&quot;:&quot;classic&quot;}\">\n\t\t\t\t\t\t<div class=\"elementor-container elementor-column-gap-default\">\n\t\t\t\t\t<div class=\"elementor-column elementor-col-100 elementor-top-column elementor-element elementor-element-1f138281 elementor-invisible\" data-id=\"1f138281\" data-element_type=\"column\" data-settings=\"{&quot;background_background&quot;:&quot;gradient&quot;,&quot;animation&quot;:&quot;fadeIn&quot;,&quot;animation_delay&quot;:500}\">\n\t\t\t<div class=\"elementor-widget-wrap elementor-element-populated\">\n\t\t\t\t\t\t<div class=\"elementor-element elementor-element-5fdff99e elementor-widget elementor-widget-heading\" data-id=\"5fdff99e\" data-element_type=\"widget\" data-widget_type=\"heading.default\">\n\t\t\t\t<div class=\"elementor-widget-container\">\n\t\t\t\t\t<h2 class=\"elementor-heading-title elementor-size-default\">Clearshield<\/h2>\t\t\t\t<\/div>\n\t\t\t\t<\/div>\n\t\t\t\t<div class=\"elementor-element elementor-element-dc6b656 elementor-widget elementor-widget-text-editor\" data-id=\"dc6b656\" data-element_type=\"widget\" data-widget_type=\"text-editor.default\">\n\t\t\t\t<div class=\"elementor-widget-container\">\n\t\t\t\t\t\t\t\t\t<h2>Solarcheck Lleida &#8211;\u00a0L\u00e1minas de protecci\u00f3n de pintura y carrocer\u00eda<\/h2>\t\t\t\t\t\t\t\t<\/div>\n\t\t\t\t<\/div>\n\t\t\t\t\t<\/div>\n\t\t<\/div>\n\t\t\t\t\t<\/div>\n\t\t<\/section>\n\t\t\t\t<section class=\"elementor-section elementor-top-section elementor-element elementor-element-8220813 elementor-section-boxed elementor-section-height-default elementor-section-height-default\" data-id=\"8220813\" data-element_type=\"section\">\n\t\t\t\t\t\t<div class=\"elementor-container elementor-column-gap-default\">\n\t\t\t\t\t<div class=\"elementor-column elementor-col-100 elementor-top-column elementor-element elementor-element-ad965a9\" data-id=\"ad965a9\" data-element_type=\"column\">\n\t\t\t<div class=\"elementor-widget-wrap elementor-element-populated\">\n\t\t\t\t\t\t<div class=\"elementor-element elementor-element-2e29a8b elementor-widget elementor-widget-heading\" data-id=\"2e29a8b\" data-element_type=\"widget\" data-widget_type=\"heading.default\">\n\t\t\t\t<div class=\"elementor-widget-container\">\n\t\t\t\t\t<h2 class=\"elementor-heading-title elementor-size-default\">\"Protecci\u00f3n invisible para preservar su veh\u00edculo\"<\/h2>\t\t\t\t<\/div>\n\t\t\t\t<\/div>\n\t\t\t\t\t<\/div>\n\t\t<\/div>\n\t\t\t\t\t<\/div>\n\t\t<\/section>\n\t\t\t\t<section class=\"elementor-section elementor-top-section elementor-element elementor-element-123aa1e elementor-section-boxed elementor-section-height-default elementor-section-height-default\" data-id=\"123aa1e\" data-element_type=\"section\">\n\t\t\t\t\t\t<div class=\"elementor-container elementor-column-gap-default\">\n\t\t\t\t\t<div class=\"elementor-column elementor-col-50 elementor-top-column elementor-element elementor-element-143c7c7\" data-id=\"143c7c7\" data-element_type=\"column\">\n\t\t\t<div class=\"elementor-widget-wrap elementor-element-populated\">\n\t\t\t\t\t\t<div class=\"elementor-element elementor-element-b930db6 elementor-widget elementor-widget-text-editor\" data-id=\"b930db6\" data-element_type=\"widget\" data-widget_type=\"text-editor.default\">\n\t\t\t\t<div class=\"elementor-widget-container\">\n\t\t\t\t\t\t\t\t\t<p><strong>Clearshield<\/strong> es el sistema m\u00e1s novedoso para la protecci\u00f3n de carrocer\u00edas, pr\u00e1cticamente indetectable una vez instalado, protege la pintura de las partes m\u00e1s expuestas de la carrocer\u00eda de su veh\u00edculo de los ara\u00f1azos y rozaduras que habitualmente pueden producirse durante la circulaci\u00f3n, aparcamiento o en actividades todoterreno.<br \/><br \/>Pr\u00e1cticamente indetectable una vez instalado, protege la pintura de las partes m\u00e1s expuestas de la carrocer\u00eda de su coche de los ara\u00f1azos y rozaduras que diariamente pueden producirse durante la conducci\u00f3n.<\/p><p>Clearshield es la barrera m\u00e1s eficaz para proteger la pintura frente a da\u00f1os producidos por:<\/p><ul><\/ul><p><strong>\u2022 Grava<\/strong>, <strong>piedras <\/strong>y <strong>arena <\/strong>proyectadas contra la parte delantera del coche por el veh\u00edculo que circula delante nuestro.<\/p><p><strong>\u2022 Insectos <\/strong>que al colisionar con nuestro veh\u00edculo, sobretodo en viajes largos, quedan \u00abincrustados\u00bb y el \u00e1cido que producen corroe la pintura.<\/p><p><strong>\u2022 Arbustos <\/strong>y <strong>ramas <\/strong>que rozan y ara\u00f1an los laterales al pasar por determinados caminos.<strong>\u00a0<\/strong><\/p><p><br \/><strong>Clearshield <\/strong>es una l\u00e1mina autoadhesiva de poliuretano de aspecto cristalino. Dise\u00f1ada para resistir la exposici\u00f3n solar prolongada, las altas temperaturas, los ara\u00f1azos y peque\u00f1os impactos.<\/p><p>No altera la pintura ni el aspecto de su veh\u00edculo. Generalmente se protegen parachoques, aletas delanteras, parte delantera del cap\u00f3 y retrovisores. En veh\u00edculos 4&#215;4 y furgonetas se pueden cubrir puertas, cap\u00f3s enteros y portones. <strong>Clearshield <\/strong>tambi\u00e9n puede instalarse en motos, quads, motos de agua, autobuses, autocaravanas, barcos, etc.<\/p><p>Se adapta perfectamente las formas de su veh\u00edculo. Gracias al corte computerizado, se cortan las plantillas correspondientes a cada marca y modelo. Una vez instalado por profesionales de <strong>Solarcheck<\/strong><sup>\u00ae<\/sup> es pr\u00e1cticamente inapreciable.<br \/><br \/><strong>Clearshield <\/strong>no requiere cuidados especiales, simplemente lave su coche como lo ha hecho siempre.<\/p><p><strong>\u2022 No se pela ni descascarilla.<\/strong><\/p><p><strong>\u2022 No amarillea ni se blanquea.<\/strong><\/p><p><strong>\u2022 No se despega.<\/strong><\/p><p><strong>\u2022 Se mantiene \u00f3ptimamente claro.<\/strong><\/p><p><strong>\u2022 Puede encerarse.<\/strong><\/p><p>Para conservar el aspecto de su veh\u00edculo como nuevo y mantener el valor de su inversi\u00f3n o reducir los costes de devoluci\u00f3n de coches de empresa, <strong>Clearshield <\/strong>es la soluci\u00f3n m\u00e1s clara.<\/p>\t\t\t\t\t\t\t\t<\/div>\n\t\t\t\t<\/div>\n\t\t\t\t\t<\/div>\n\t\t<\/div>\n\t\t\t\t<div class=\"elementor-column elementor-col-50 elementor-top-column elementor-element elementor-element-bbdbb06\" data-id=\"bbdbb06\" data-element_type=\"column\">\n\t\t\t<div class=\"elementor-widget-wrap elementor-element-populated\">\n\t\t\t\t\t\t<div class=\"elementor-element elementor-element-0834c10 elementor-widget elementor-widget-image-gallery\" data-id=\"0834c10\" data-element_type=\"widget\" data-widget_type=\"image-gallery.default\">\n\t\t\t\t<div class=\"elementor-widget-container\">\n\t\t\t\t\t\t\t<div class=\"elementor-image-gallery\">\n\t\t\t\n\t\t<style type=\"text\/css\">\n\t\t\t#gallery-1 {\n\t\t\t\tmargin: auto;\n\t\t\t}\n\t\t\t#gallery-1 .gallery-item {\n\t\t\t\tfloat: left;\n\t\t\t\tmargin-top: 10px;\n\t\t\t\ttext-align: center;\n\t\t\t\twidth: 100%;\n\t\t\t}\n\t\t\t#gallery-1 img {\n\t\t\t\tborder: 2px solid #cfcfcf;\n\t\t\t}\n\t\t\t#gallery-1 .gallery-caption {\n\t\t\t\tmargin-left: 0;\n\t\t\t}\n\t\t\t\/* see gallery_shortcode() in wp-includes\/media.php *\/\n\t\t<\/style>\n\t\t<div id='gallery-1' class='gallery galleryid-164 gallery-columns-1 gallery-size-thumbnail'><dl class='gallery-item'>\n\t\t\t<dt class='gallery-icon landscape'>\n\t\t\t\t<a data-elementor-open-lightbox=\"yes\" data-elementor-lightbox-slideshow=\"0834c10\" data-elementor-lightbox-title=\"15422371640_7817c98797_s\" data-e-action-hash=\"#elementor-action%3Aaction%3Dlightbox%26settings%3DeyJpZCI6MTcxLCJ1cmwiOiJodHRwczpcL1wvc29sYXJjaGVja2xsZWlkYS5lc1wvd3AtY29udGVudFwvdXBsb2Fkc1wvMjAyMVwvMTBcLzE1NDIyMzcxNjQwXzc4MTdjOTg3OTdfcy5qcGciLCJzbGlkZXNob3ciOiIwODM0YzEwIn0%3D\" href='https:\/\/solarchecklleida.es\/wp-content\/uploads\/2021\/10\/15422371640_7817c98797_s.jpg'><img decoding=\"async\" width=\"75\" height=\"75\" src=\"https:\/\/solarchecklleida.es\/wp-content\/uploads\/2021\/10\/15422371640_7817c98797_s.jpg\" class=\"attachment-thumbnail size-thumbnail\" alt=\"\" \/><\/a>\n\t\t\t<\/dt><\/dl><br style=\"clear: both\" \/><dl class='gallery-item'>\n\t\t\t<dt class='gallery-icon landscape'>\n\t\t\t\t<a data-elementor-open-lightbox=\"yes\" data-elementor-lightbox-slideshow=\"0834c10\" data-elementor-lightbox-title=\"15454784140_61999d1458_s\" data-e-action-hash=\"#elementor-action%3Aaction%3Dlightbox%26settings%3DeyJpZCI6MTcyLCJ1cmwiOiJodHRwczpcL1wvc29sYXJjaGVja2xsZWlkYS5lc1wvd3AtY29udGVudFwvdXBsb2Fkc1wvMjAyMVwvMTBcLzE1NDU0Nzg0MTQwXzYxOTk5ZDE0NThfcy5qcGciLCJzbGlkZXNob3ciOiIwODM0YzEwIn0%3D\" href='https:\/\/solarchecklleida.es\/wp-content\/uploads\/2021\/10\/15454784140_61999d1458_s.jpg'><img decoding=\"async\" width=\"75\" height=\"75\" src=\"https:\/\/solarchecklleida.es\/wp-content\/uploads\/2021\/10\/15454784140_61999d1458_s.jpg\" class=\"attachment-thumbnail size-thumbnail\" alt=\"\" \/><\/a>\n\t\t\t<\/dt><\/dl><br style=\"clear: both\" \/><dl class='gallery-item'>\n\t\t\t<dt class='gallery-icon landscape'>\n\t\t\t\t<a data-elementor-open-lightbox=\"yes\" data-elementor-lightbox-slideshow=\"0834c10\" data-elementor-lightbox-title=\"15453697299_3ceddc07a5_s\" data-e-action-hash=\"#elementor-action%3Aaction%3Dlightbox%26settings%3DeyJpZCI6MTczLCJ1cmwiOiJodHRwczpcL1wvc29sYXJjaGVja2xsZWlkYS5lc1wvd3AtY29udGVudFwvdXBsb2Fkc1wvMjAyMVwvMTBcLzE1NDUzNjk3Mjk5XzNjZWRkYzA3YTVfcy5qcGciLCJzbGlkZXNob3ciOiIwODM0YzEwIn0%3D\" href='https:\/\/solarchecklleida.es\/wp-content\/uploads\/2021\/10\/15453697299_3ceddc07a5_s.jpg'><img decoding=\"async\" width=\"75\" height=\"75\" src=\"https:\/\/solarchecklleida.es\/wp-content\/uploads\/2021\/10\/15453697299_3ceddc07a5_s.jpg\" class=\"attachment-thumbnail size-thumbnail\" alt=\"\" \/><\/a>\n\t\t\t<\/dt><\/dl><br style=\"clear: both\" \/><dl class='gallery-item'>\n\t\t\t<dt class='gallery-icon landscape'>\n\t\t\t\t<a data-elementor-open-lightbox=\"yes\" data-elementor-lightbox-slideshow=\"0834c10\" data-elementor-lightbox-title=\"4\" data-e-action-hash=\"#elementor-action%3Aaction%3Dlightbox%26settings%3DeyJpZCI6MTc4LCJ1cmwiOiJodHRwczpcL1wvc29sYXJjaGVja2xsZWlkYS5lc1wvd3AtY29udGVudFwvdXBsb2Fkc1wvMjAyMVwvMTBcLzQuanBnIiwic2xpZGVzaG93IjoiMDgzNGMxMCJ9\" href='https:\/\/solarchecklleida.es\/wp-content\/uploads\/2021\/10\/4.jpg'><img loading=\"lazy\" decoding=\"async\" width=\"75\" height=\"75\" src=\"https:\/\/solarchecklleida.es\/wp-content\/uploads\/2021\/10\/4.jpg\" class=\"attachment-thumbnail size-thumbnail\" alt=\"\" \/><\/a>\n\t\t\t<\/dt><\/dl><br style=\"clear: both\" \/><dl class='gallery-item'>\n\t\t\t<dt class='gallery-icon landscape'>\n\t\t\t\t<a data-elementor-open-lightbox=\"yes\" data-elementor-lightbox-slideshow=\"0834c10\" data-elementor-lightbox-title=\"5\" data-e-action-hash=\"#elementor-action%3Aaction%3Dlightbox%26settings%3DeyJpZCI6MTc5LCJ1cmwiOiJodHRwczpcL1wvc29sYXJjaGVja2xsZWlkYS5lc1wvd3AtY29udGVudFwvdXBsb2Fkc1wvMjAyMVwvMTBcLzUuanBnIiwic2xpZGVzaG93IjoiMDgzNGMxMCJ9\" href='https:\/\/solarchecklleida.es\/wp-content\/uploads\/2021\/10\/5.jpg'><img loading=\"lazy\" decoding=\"async\" width=\"75\" height=\"75\" src=\"https:\/\/solarchecklleida.es\/wp-content\/uploads\/2021\/10\/5.jpg\" class=\"attachment-thumbnail size-thumbnail\" alt=\"\" \/><\/a>\n\t\t\t<\/dt><\/dl><br style=\"clear: both\" \/><dl class='gallery-item'>\n\t\t\t<dt class='gallery-icon landscape'>\n\t\t\t\t<a data-elementor-open-lightbox=\"yes\" data-elementor-lightbox-slideshow=\"0834c10\" data-elementor-lightbox-title=\"6\" data-e-action-hash=\"#elementor-action%3Aaction%3Dlightbox%26settings%3DeyJpZCI6MTgwLCJ1cmwiOiJodHRwczpcL1wvc29sYXJjaGVja2xsZWlkYS5lc1wvd3AtY29udGVudFwvdXBsb2Fkc1wvMjAyMVwvMTBcLzYuanBnIiwic2xpZGVzaG93IjoiMDgzNGMxMCJ9\" href='https:\/\/solarchecklleida.es\/wp-content\/uploads\/2021\/10\/6.jpg'><img loading=\"lazy\" decoding=\"async\" width=\"75\" height=\"75\" src=\"https:\/\/solarchecklleida.es\/wp-content\/uploads\/2021\/10\/6.jpg\" class=\"attachment-thumbnail size-thumbnail\" alt=\"\" \/><\/a>\n\t\t\t<\/dt><\/dl><br style=\"clear: both\" \/><dl class='gallery-item'>\n\t\t\t<dt class='gallery-icon landscape'>\n\t\t\t\t<a data-elementor-open-lightbox=\"yes\" data-elementor-lightbox-slideshow=\"0834c10\" data-elementor-lightbox-title=\"7\" data-e-action-hash=\"#elementor-action%3Aaction%3Dlightbox%26settings%3DeyJpZCI6MTgxLCJ1cmwiOiJodHRwczpcL1wvc29sYXJjaGVja2xsZWlkYS5lc1wvd3AtY29udGVudFwvdXBsb2Fkc1wvMjAyMVwvMTBcLzcuanBnIiwic2xpZGVzaG93IjoiMDgzNGMxMCJ9\" href='https:\/\/solarchecklleida.es\/wp-content\/uploads\/2021\/10\/7.jpg'><img loading=\"lazy\" decoding=\"async\" width=\"75\" height=\"75\" src=\"https:\/\/solarchecklleida.es\/wp-content\/uploads\/2021\/10\/7.jpg\" class=\"attachment-thumbnail size-thumbnail\" alt=\"\" \/><\/a>\n\t\t\t<\/dt><\/dl><br style=\"clear: both\" \/>\n\t\t<\/div>\n\t\t<\/div>\n\t\t\t\t\t\t<\/div>\n\t\t\t\t<\/div>\n\t\t\t\t\t<\/div>\n\t\t<\/div>\n\t\t\t\t\t<\/div>\n\t\t<\/section>\n\t\t\t\t<\/div>\n\t\t","protected":false},"excerpt":{"rendered":"<p>Clearshield Solarcheck Lleida &#8211;\u00a0L\u00e1minas de protecci\u00f3n de pintura y carrocer\u00eda \u00abProtecci\u00f3n invisible para preservar su veh\u00edculo\u00bb Clearshield es el sistema m\u00e1s novedoso para la protecci\u00f3n de carrocer\u00edas, pr\u00e1cticamente indetectable una vez instalado, protege la pintura de las partes m\u00e1s expuestas de la carrocer\u00eda de su veh\u00edculo de los ara\u00f1azos y [&hellip;]<\/p>\n","protected":false},"author":1,"featured_media":0,"parent":0,"menu_order":0,"comment_status":"closed","ping_status":"closed","template":"page-templates\/template-pagebuilder-full-width.php","meta":{"footnotes":""},"class_list":["post-164","page","type-page","status-publish","hentry"],"_links":{"self":[{"href":"https:\/\/solarchecklleida.es\/index.php\/wp-json\/wp\/v2\/pages\/164","targetHints":{"allow":["GET"]}}],"collection":[{"href":"https:\/\/solarchecklleida.es\/index.php\/wp-json\/wp\/v2\/pages"}],"about":[{"href":"https:\/\/solarchecklleida.es\/index.php\/wp-json\/wp\/v2\/types\/page"}],"author":[{"embeddable":true,"href":"https:\/\/solarchecklleida.es\/index.php\/wp-json\/wp\/v2\/users\/1"}],"replies":[{"embeddable":true,"href":"https:\/\/solarchecklleida.es\/index.php\/wp-json\/wp\/v2\/comments?post=164"}],"version-history":[{"count":13,"href":"https:\/\/solarchecklleida.es\/index.php\/wp-json\/wp\/v2\/pages\/164\/revisions"}],"predecessor-version":[{"id":476,"href":"https:\/\/solarchecklleida.es\/index.php\/wp-json\/wp\/v2\/pages\/164\/revisions\/476"}],"wp:attachment":[{"href":"https:\/\/solarchecklleida.es\/index.php\/wp-json\/wp\/v2\/media?parent=164"}],"curies":[{"name":"wp","href":"https:\/\/api.w.org\/{rel}","templated":true}]}}