{"id":267,"date":"2021-10-29T16:24:22","date_gmt":"2021-10-29T16:24:22","guid":{"rendered":"https:\/\/solarchecklleida.es\/?page_id=267"},"modified":"2021-10-29T16:28:15","modified_gmt":"2021-10-29T16:28:15","slug":"seguridad","status":"publish","type":"page","link":"https:\/\/solarchecklleida.es\/index.php\/seguridad\/","title":{"rendered":"Seguridad"},"content":{"rendered":"\t\t<div data-elementor-type=\"wp-page\" data-elementor-id=\"267\" class=\"elementor elementor-267\">\n\t\t\t\t\t\t<section class=\"elementor-section elementor-top-section elementor-element elementor-element-229f8ab elementor-section-height-min-height elementor-section-stretched elementor-section-boxed elementor-section-height-default elementor-section-items-middle\" data-id=\"229f8ab\" data-element_type=\"section\" data-settings=\"{&quot;stretch_section&quot;:&quot;section-stretched&quot;,&quot;background_background&quot;:&quot;classic&quot;}\">\n\t\t\t\t\t\t<div class=\"elementor-container elementor-column-gap-default\">\n\t\t\t\t\t<div class=\"elementor-column elementor-col-100 elementor-top-column elementor-element elementor-element-2b359698 elementor-invisible\" data-id=\"2b359698\" data-element_type=\"column\" data-settings=\"{&quot;background_background&quot;:&quot;gradient&quot;,&quot;animation&quot;:&quot;fadeIn&quot;,&quot;animation_delay&quot;:500}\">\n\t\t\t<div class=\"elementor-widget-wrap elementor-element-populated\">\n\t\t\t\t\t\t<div class=\"elementor-element elementor-element-5e83acc3 elementor-widget elementor-widget-heading\" data-id=\"5e83acc3\" data-element_type=\"widget\" data-widget_type=\"heading.default\">\n\t\t\t\t<div class=\"elementor-widget-container\">\n\t\t\t\t\t<h2 class=\"elementor-heading-title elementor-size-default\">Seguridad<\/h2>\t\t\t\t<\/div>\n\t\t\t\t<\/div>\n\t\t\t\t<div class=\"elementor-element elementor-element-2ae39beb elementor-widget elementor-widget-text-editor\" data-id=\"2ae39beb\" data-element_type=\"widget\" data-widget_type=\"text-editor.default\">\n\t\t\t\t<div class=\"elementor-widget-container\">\n\t\t\t\t\t\t\t\t\t<h2>Solarcheck Lleida &#8211;\u00a0L\u00e1minas de protecci\u00f3n solar y seguridad<\/h2>\t\t\t\t\t\t\t\t<\/div>\n\t\t\t\t<\/div>\n\t\t\t\t\t<\/div>\n\t\t<\/div>\n\t\t\t\t\t<\/div>\n\t\t<\/section>\n\t\t\t\t<section class=\"elementor-section elementor-top-section elementor-element elementor-element-ee8e308 elementor-section-boxed elementor-section-height-default elementor-section-height-default\" data-id=\"ee8e308\" data-element_type=\"section\">\n\t\t\t\t\t\t<div class=\"elementor-container elementor-column-gap-default\">\n\t\t\t\t\t<div class=\"elementor-column elementor-col-50 elementor-top-column elementor-element elementor-element-e790611\" data-id=\"e790611\" data-element_type=\"column\">\n\t\t\t<div class=\"elementor-widget-wrap elementor-element-populated\">\n\t\t\t\t\t\t<div class=\"elementor-element elementor-element-c244ce4 elementor-widget elementor-widget-text-editor\" data-id=\"c244ce4\" data-element_type=\"widget\" data-widget_type=\"text-editor.default\">\n\t\t\t\t<div class=\"elementor-widget-container\">\n\t\t\t\t\t\t\t\t\t<p>Las l\u00e1minas de protecci\u00f3n solar y seguridad Solarcheck\u00ae disponen de espesores entre 100 y 275 micas y adheridas al vidrio sit\u00faa el conjunto por encima de cualquier normativa de seguridad en acristalamientos. La extraordinaria flexibilidad, elasticidad y resist\u00e9ncia del poli\u00e9ster determina un comportamiento frente al impacto completamente distinto al del vidrio por s\u00ed s\u00f3lo, que es extremadamente fr\u00e1gil y fragmentable, evitando as\u00ed, la proyecci\u00f3n y dispersi\u00f3n de los fragmentos en caso de impacto, da\u00f1os a personas, contaminaci\u00f3n de cadenas de producci\u00f3n alimentaria y objetos cercanos a la zona afectada.<\/p><p>Tambi\u00e9n proporciona mayor seguridad frente a actos de pillaje, o robo porque act\u00faa como una aut\u00e9ntica barrera dif\u00edcil de franquear a\u00fan despu\u00e9s de haber roto el vidrio, convirti\u00e9ndose en un eficaz elemento disuasorio y muchas veces definitivo que hace desistir a muchos atracadores por el poco tiempo de que disponen.<\/p><p>Solarcheck\u00ae dispone de la novedosa l\u00e1mina Graffitigard con adhesivo removible y de f\u00e1cil sustituci\u00f3n, ideal en acristalamientos exteriores con riesgo de graffitis, rayaduras o actos vand\u00e1licos.<\/p>\t\t\t\t\t\t\t\t<\/div>\n\t\t\t\t<\/div>\n\t\t\t\t\t<\/div>\n\t\t<\/div>\n\t\t\t\t<div class=\"elementor-column elementor-col-50 elementor-top-column elementor-element elementor-element-c4da7f5\" data-id=\"c4da7f5\" data-element_type=\"column\">\n\t\t\t<div class=\"elementor-widget-wrap elementor-element-populated\">\n\t\t\t\t\t\t<div class=\"elementor-element elementor-element-ae3c6eb elementor-widget elementor-widget-image-gallery\" data-id=\"ae3c6eb\" data-element_type=\"widget\" data-widget_type=\"image-gallery.default\">\n\t\t\t\t<div class=\"elementor-widget-container\">\n\t\t\t\t\t\t\t<div class=\"elementor-image-gallery\">\n\t\t\t\n\t\t<style type=\"text\/css\">\n\t\t\t#gallery-1 {\n\t\t\t\tmargin: auto;\n\t\t\t}\n\t\t\t#gallery-1 .gallery-item {\n\t\t\t\tfloat: left;\n\t\t\t\tmargin-top: 10px;\n\t\t\t\ttext-align: center;\n\t\t\t\twidth: 100%;\n\t\t\t}\n\t\t\t#gallery-1 img {\n\t\t\t\tborder: 2px solid #cfcfcf;\n\t\t\t}\n\t\t\t#gallery-1 .gallery-caption {\n\t\t\t\tmargin-left: 0;\n\t\t\t}\n\t\t\t\/* see gallery_shortcode() in wp-includes\/media.php *\/\n\t\t<\/style>\n\t\t<div id='gallery-1' class='gallery galleryid-267 gallery-columns-1 gallery-size-thumbnail'><dl class='gallery-item'>\n\t\t\t<dt class='gallery-icon landscape'>\n\t\t\t\t<a data-elementor-open-lightbox=\"yes\" data-elementor-lightbox-slideshow=\"ae3c6eb\" data-elementor-lightbox-title=\"vidreal\" data-e-action-hash=\"#elementor-action%3Aaction%3Dlightbox%26settings%3DeyJpZCI6MjY5LCJ1cmwiOiJodHRwczpcL1wvc29sYXJjaGVja2xsZWlkYS5lc1wvd3AtY29udGVudFwvdXBsb2Fkc1wvMjAyMVwvMTBcL3ZpZHJlYWwuanBnIiwic2xpZGVzaG93IjoiYWUzYzZlYiJ9\" href='https:\/\/solarchecklleida.es\/wp-content\/uploads\/2021\/10\/vidreal.jpg'><img decoding=\"async\" width=\"150\" height=\"150\" src=\"https:\/\/solarchecklleida.es\/wp-content\/uploads\/2021\/10\/vidreal-150x150.jpg\" class=\"attachment-thumbnail size-thumbnail\" alt=\"\" aria-describedby=\"gallery-1-269\" srcset=\"https:\/\/solarchecklleida.es\/wp-content\/uploads\/2021\/10\/vidreal-150x150.jpg 150w, https:\/\/solarchecklleida.es\/wp-content\/uploads\/2021\/10\/vidreal.jpg 173w\" sizes=\"(max-width: 150px) 100vw, 150px\" \/><\/a>\n\t\t\t<\/dt>\n\t\t\t\t<dd class='wp-caption-text gallery-caption' id='gallery-1-269'>\n\t\t\t\tVidrio con l\u00e1mina de seguridad\n\t\t\t\t<\/dd><\/dl><br style=\"clear: both\" \/><dl class='gallery-item'>\n\t\t\t<dt class='gallery-icon landscape'>\n\t\t\t\t<a data-elementor-open-lightbox=\"yes\" data-elementor-lightbox-slideshow=\"ae3c6eb\" data-elementor-lightbox-title=\"vidresl\" data-e-action-hash=\"#elementor-action%3Aaction%3Dlightbox%26settings%3DeyJpZCI6MjcwLCJ1cmwiOiJodHRwczpcL1wvc29sYXJjaGVja2xsZWlkYS5lc1wvd3AtY29udGVudFwvdXBsb2Fkc1wvMjAyMVwvMTBcL3ZpZHJlc2wuanBnIiwic2xpZGVzaG93IjoiYWUzYzZlYiJ9\" href='https:\/\/solarchecklleida.es\/wp-content\/uploads\/2021\/10\/vidresl.jpg'><img decoding=\"async\" width=\"150\" height=\"150\" src=\"https:\/\/solarchecklleida.es\/wp-content\/uploads\/2021\/10\/vidresl-150x150.jpg\" class=\"attachment-thumbnail size-thumbnail\" alt=\"\" aria-describedby=\"gallery-1-270\" srcset=\"https:\/\/solarchecklleida.es\/wp-content\/uploads\/2021\/10\/vidresl-150x150.jpg 150w, https:\/\/solarchecklleida.es\/wp-content\/uploads\/2021\/10\/vidresl.jpg 173w\" sizes=\"(max-width: 150px) 100vw, 150px\" \/><\/a>\n\t\t\t<\/dt>\n\t\t\t\t<dd class='wp-caption-text gallery-caption' id='gallery-1-270'>\n\t\t\t\tVidrio sin l\u00e1mina de seguridad\n\t\t\t\t<\/dd><\/dl><br style=\"clear: both\" \/>\n\t\t<\/div>\n\t\t<\/div>\n\t\t\t\t\t\t<\/div>\n\t\t\t\t<\/div>\n\t\t\t\t\t<\/div>\n\t\t<\/div>\n\t\t\t\t\t<\/div>\n\t\t<\/section>\n\t\t\t\t<section class=\"elementor-section elementor-top-section elementor-element elementor-element-6d4538a elementor-section-boxed elementor-section-height-default elementor-section-height-default\" data-id=\"6d4538a\" data-element_type=\"section\">\n\t\t\t\t\t\t<div class=\"elementor-container elementor-column-gap-default\">\n\t\t\t\t\t<div class=\"elementor-column elementor-col-100 elementor-top-column elementor-element elementor-element-51eadf5\" data-id=\"51eadf5\" data-element_type=\"column\">\n\t\t\t<div class=\"elementor-widget-wrap elementor-element-populated\">\n\t\t\t\t\t\t<div class=\"elementor-element elementor-element-14e325b elementor-widget elementor-widget-heading\" data-id=\"14e325b\" data-element_type=\"widget\" data-widget_type=\"heading.default\">\n\t\t\t\t<div class=\"elementor-widget-container\">\n\t\t\t\t\t<h2 class=\"elementor-heading-title elementor-size-default\">Valores a\u00f1adidos<\/h2>\t\t\t\t<\/div>\n\t\t\t\t<\/div>\n\t\t\t\t<div class=\"elementor-element elementor-element-390cfe1 elementor-widget elementor-widget-text-editor\" data-id=\"390cfe1\" data-element_type=\"widget\" data-widget_type=\"text-editor.default\">\n\t\t\t\t<div class=\"elementor-widget-container\">\n\t\t\t\t\t\t\t\t\t<p>Adem\u00e1s de la seguridad en caso de rotura de cristales, nuestras l\u00e1minas de seguridad aportan otras ventajas importantes:<\/p><ul><li>Existen versiones de protecci\u00f3n solar, que adem\u00e1s de la seguridad, mejoran el confort de los edificios.<\/li><li>Las versiones de protecci\u00f3n solar favorecen el ahorro energ\u00e9tico y reducen los costes de climatizaci\u00f3n, los reflejos y deslumbramientos.<\/li><li>Todas las l\u00e1minas de seguridad retrasan y reducen en cierta medida la decoloraci\u00f3n, gracias a su capacidad de filtrar m\u00e1s del 98% de las radiaciones ultravioletas.<\/li><li>R\u00e1pida instalaci\u00f3n. No se necesitan obras ni desmontar vidrios.<\/li><li>No se rayan. Todas las l\u00e1minas van provistas de un recubrimiento antiabrasivo que protege contra las raspaduras o rayaduras producidas por las operaciones habituales de limpieza.<\/li><\/ul>\t\t\t\t\t\t\t\t<\/div>\n\t\t\t\t<\/div>\n\t\t\t\t\t<\/div>\n\t\t<\/div>\n\t\t\t\t\t<\/div>\n\t\t<\/section>\n\t\t\t\t<\/div>\n\t\t","protected":false},"excerpt":{"rendered":"<p>Seguridad Solarcheck Lleida &#8211;\u00a0L\u00e1minas de protecci\u00f3n solar y seguridad Las l\u00e1minas de protecci\u00f3n solar y seguridad Solarcheck\u00ae disponen de espesores entre 100 y 275 micas y adheridas al vidrio sit\u00faa el conjunto por encima de cualquier normativa de seguridad en acristalamientos. La extraordinaria flexibilidad, elasticidad y resist\u00e9ncia del poli\u00e9ster determina [&hellip;]<\/p>\n","protected":false},"author":1,"featured_media":0,"parent":0,"menu_order":0,"comment_status":"closed","ping_status":"closed","template":"page-templates\/template-pagebuilder-full-width.php","meta":{"footnotes":""},"class_list":["post-267","page","type-page","status-publish","hentry"],"_links":{"self":[{"href":"https:\/\/solarchecklleida.es\/index.php\/wp-json\/wp\/v2\/pages\/267","targetHints":{"allow":["GET"]}}],"collection":[{"href":"https:\/\/solarchecklleida.es\/index.php\/wp-json\/wp\/v2\/pages"}],"about":[{"href":"https:\/\/solarchecklleida.es\/index.php\/wp-json\/wp\/v2\/types\/page"}],"author":[{"embeddable":true,"href":"https:\/\/solarchecklleida.es\/index.php\/wp-json\/wp\/v2\/users\/1"}],"replies":[{"embeddable":true,"href":"https:\/\/solarchecklleida.es\/index.php\/wp-json\/wp\/v2\/comments?post=267"}],"version-history":[{"count":4,"href":"https:\/\/solarchecklleida.es\/index.php\/wp-json\/wp\/v2\/pages\/267\/revisions"}],"predecessor-version":[{"id":273,"href":"https:\/\/solarchecklleida.es\/index.php\/wp-json\/wp\/v2\/pages\/267\/revisions\/273"}],"wp:attachment":[{"href":"https:\/\/solarchecklleida.es\/index.php\/wp-json\/wp\/v2\/media?parent=267"}],"curies":[{"name":"wp","href":"https:\/\/api.w.org\/{rel}","templated":true}]}}