{"id":276,"date":"2021-10-29T16:30:42","date_gmt":"2021-10-29T16:30:42","guid":{"rendered":"https:\/\/solarchecklleida.es\/?page_id=276"},"modified":"2021-10-29T16:36:18","modified_gmt":"2021-10-29T16:36:18","slug":"decoloracion","status":"publish","type":"page","link":"https:\/\/solarchecklleida.es\/index.php\/decoloracion\/","title":{"rendered":"Decoloraci\u00f3n"},"content":{"rendered":"\t\t<div data-elementor-type=\"wp-page\" data-elementor-id=\"276\" class=\"elementor elementor-276\">\n\t\t\t\t\t\t<section class=\"elementor-section elementor-top-section elementor-element elementor-element-2b7aa40e elementor-section-height-min-height elementor-section-stretched elementor-section-boxed elementor-section-height-default elementor-section-items-middle\" data-id=\"2b7aa40e\" data-element_type=\"section\" data-settings=\"{&quot;stretch_section&quot;:&quot;section-stretched&quot;,&quot;background_background&quot;:&quot;classic&quot;}\">\n\t\t\t\t\t\t<div class=\"elementor-container elementor-column-gap-default\">\n\t\t\t\t\t<div class=\"elementor-column elementor-col-100 elementor-top-column elementor-element elementor-element-4b3e7806 elementor-invisible\" data-id=\"4b3e7806\" data-element_type=\"column\" data-settings=\"{&quot;background_background&quot;:&quot;gradient&quot;,&quot;animation&quot;:&quot;fadeIn&quot;,&quot;animation_delay&quot;:500}\">\n\t\t\t<div class=\"elementor-widget-wrap elementor-element-populated\">\n\t\t\t\t\t\t<div class=\"elementor-element elementor-element-2ece9b15 elementor-widget elementor-widget-heading\" data-id=\"2ece9b15\" data-element_type=\"widget\" data-widget_type=\"heading.default\">\n\t\t\t\t<div class=\"elementor-widget-container\">\n\t\t\t\t\t<h2 class=\"elementor-heading-title elementor-size-default\">Decoloraci\u00f3n<\/h2>\t\t\t\t<\/div>\n\t\t\t\t<\/div>\n\t\t\t\t<div class=\"elementor-element elementor-element-60afb2ad elementor-widget elementor-widget-text-editor\" data-id=\"60afb2ad\" data-element_type=\"widget\" data-widget_type=\"text-editor.default\">\n\t\t\t\t<div class=\"elementor-widget-container\">\n\t\t\t\t\t\t\t\t\t<h2>Solarcheck Lleida &#8211;\u00a0L\u00e1minas de protecci\u00f3n solar y antidecoloraci\u00f3n<\/h2>\t\t\t\t\t\t\t\t<\/div>\n\t\t\t\t<\/div>\n\t\t\t\t\t<\/div>\n\t\t<\/div>\n\t\t\t\t\t<\/div>\n\t\t<\/section>\n\t\t\t\t<section class=\"elementor-section elementor-top-section elementor-element elementor-element-5bfa2ed elementor-section-boxed elementor-section-height-default elementor-section-height-default\" data-id=\"5bfa2ed\" data-element_type=\"section\">\n\t\t\t\t\t\t<div class=\"elementor-container elementor-column-gap-default\">\n\t\t\t\t\t<div class=\"elementor-column elementor-col-50 elementor-top-column elementor-element elementor-element-8b29fb7 elementor-invisible\" data-id=\"8b29fb7\" data-element_type=\"column\" data-settings=\"{&quot;animation&quot;:&quot;fadeInLeft&quot;,&quot;animation_delay&quot;:500}\">\n\t\t\t<div class=\"elementor-widget-wrap elementor-element-populated\">\n\t\t\t\t\t\t<div class=\"elementor-element elementor-element-6c49173 elementor-widget elementor-widget-text-editor\" data-id=\"6c49173\" data-element_type=\"widget\" data-widget_type=\"text-editor.default\">\n\t\t\t\t<div class=\"elementor-widget-container\">\n\t\t\t\t\t\t\t\t\t<p>La radiaci\u00f3n solar se divide en 3 bandas seg\u00fan su longitud de onda, ultravioletas, luz visible e infrarrojos y todas ellas en mayor o menor medida causa decoloraci\u00f3n en prendas, moquetas, parquets, mobiliario y art\u00edculos expuestos en escaparates. Las l\u00e1minas de protecci\u00f3n solar y anti-decoloraci\u00f3n Solarcheck\u00ae retrasan la decoloraci\u00f3n de los objetos alargando su tiempo de exposici\u00f3n. La gran calidad \u00f3ptica y transparencia las posiciona como una de las mejores soluciones t\u00e9cnicas frente a la decoloraci\u00f3n.<\/p><p>Solarcheck\u00ae dispone de la exclusiva l\u00e1mina antidecoloraci\u00f3n \u00ab3 MIL HI-LITE 70 CDA\u00bb de alto rendimiento que es capaz de rechazar hasta el 95% de los rayos infrarrojos y el 99% de los ultravioletas.<\/p>\t\t\t\t\t\t\t\t<\/div>\n\t\t\t\t<\/div>\n\t\t\t\t\t<\/div>\n\t\t<\/div>\n\t\t\t\t<div class=\"elementor-column elementor-col-50 elementor-top-column elementor-element elementor-element-ba77cbb elementor-invisible\" data-id=\"ba77cbb\" data-element_type=\"column\" data-settings=\"{&quot;animation&quot;:&quot;fadeInDown&quot;,&quot;animation_delay&quot;:1000}\">\n\t\t\t<div class=\"elementor-widget-wrap elementor-element-populated\">\n\t\t\t\t\t\t<div class=\"elementor-element elementor-element-d31ab42 elementor-widget elementor-widget-image-gallery\" data-id=\"d31ab42\" data-element_type=\"widget\" data-widget_type=\"image-gallery.default\">\n\t\t\t\t<div class=\"elementor-widget-container\">\n\t\t\t\t\t\t\t<div class=\"elementor-image-gallery\">\n\t\t\t\n\t\t<style type=\"text\/css\">\n\t\t\t#gallery-1 {\n\t\t\t\tmargin: auto;\n\t\t\t}\n\t\t\t#gallery-1 .gallery-item {\n\t\t\t\tfloat: left;\n\t\t\t\tmargin-top: 10px;\n\t\t\t\ttext-align: center;\n\t\t\t\twidth: 50%;\n\t\t\t}\n\t\t\t#gallery-1 img {\n\t\t\t\tborder: 2px solid #cfcfcf;\n\t\t\t}\n\t\t\t#gallery-1 .gallery-caption {\n\t\t\t\tmargin-left: 0;\n\t\t\t}\n\t\t\t\/* see gallery_shortcode() in wp-includes\/media.php *\/\n\t\t<\/style>\n\t\t<div id='gallery-1' class='gallery galleryid-276 gallery-columns-2 gallery-size-full'><dl class='gallery-item'>\n\t\t\t<dt class='gallery-icon landscape'>\n\t\t\t\t<a data-elementor-open-lightbox=\"yes\" data-elementor-lightbox-slideshow=\"d31ab42\" data-elementor-lightbox-title=\"15539178840_1a2c0dcb0c_s\" data-e-action-hash=\"#elementor-action%3Aaction%3Dlightbox%26settings%3DeyJpZCI6MjgyLCJ1cmwiOiJodHRwczpcL1wvc29sYXJjaGVja2xsZWlkYS5lc1wvd3AtY29udGVudFwvdXBsb2Fkc1wvMjAyMVwvMTBcLzE1NTM5MTc4ODQwXzFhMmMwZGNiMGNfcy5qcGciLCJzbGlkZXNob3ciOiJkMzFhYjQyIn0%3D\" href='https:\/\/solarchecklleida.es\/wp-content\/uploads\/2021\/10\/15539178840_1a2c0dcb0c_s.jpg'><img decoding=\"async\" width=\"75\" height=\"75\" src=\"https:\/\/solarchecklleida.es\/wp-content\/uploads\/2021\/10\/15539178840_1a2c0dcb0c_s.jpg\" class=\"attachment-full size-full\" alt=\"\" \/><\/a>\n\t\t\t<\/dt><\/dl><dl class='gallery-item'>\n\t\t\t<dt class='gallery-icon landscape'>\n\t\t\t\t<a data-elementor-open-lightbox=\"yes\" data-elementor-lightbox-slideshow=\"d31ab42\" data-elementor-lightbox-title=\"15989079867_4cdea1885e_s\" data-e-action-hash=\"#elementor-action%3Aaction%3Dlightbox%26settings%3DeyJpZCI6MjgwLCJ1cmwiOiJodHRwczpcL1wvc29sYXJjaGVja2xsZWlkYS5lc1wvd3AtY29udGVudFwvdXBsb2Fkc1wvMjAyMVwvMTBcLzE1OTg5MDc5ODY3XzRjZGVhMTg4NWVfcy5qcGciLCJzbGlkZXNob3ciOiJkMzFhYjQyIn0%3D\" href='https:\/\/solarchecklleida.es\/wp-content\/uploads\/2021\/10\/15989079867_4cdea1885e_s.jpg'><img decoding=\"async\" width=\"75\" height=\"75\" src=\"https:\/\/solarchecklleida.es\/wp-content\/uploads\/2021\/10\/15989079867_4cdea1885e_s.jpg\" class=\"attachment-full size-full\" alt=\"\" \/><\/a>\n\t\t\t<\/dt><\/dl><br style=\"clear: both\" \/><dl class='gallery-item'>\n\t\t\t<dt class='gallery-icon landscape'>\n\t\t\t\t<a data-elementor-open-lightbox=\"yes\" data-elementor-lightbox-slideshow=\"d31ab42\" data-elementor-lightbox-title=\"14994766893_7440bf8c02_s\" data-e-action-hash=\"#elementor-action%3Aaction%3Dlightbox%26settings%3DeyJpZCI6Mjg0LCJ1cmwiOiJodHRwczpcL1wvc29sYXJjaGVja2xsZWlkYS5lc1wvd3AtY29udGVudFwvdXBsb2Fkc1wvMjAyMVwvMTBcLzE0OTk0NzY2ODkzXzc0NDBiZjhjMDJfcy5qcGciLCJzbGlkZXNob3ciOiJkMzFhYjQyIn0%3D\" href='https:\/\/solarchecklleida.es\/wp-content\/uploads\/2021\/10\/14994766893_7440bf8c02_s.jpg'><img decoding=\"async\" width=\"75\" height=\"75\" src=\"https:\/\/solarchecklleida.es\/wp-content\/uploads\/2021\/10\/14994766893_7440bf8c02_s.jpg\" class=\"attachment-full size-full\" alt=\"\" \/><\/a>\n\t\t\t<\/dt><\/dl><dl class='gallery-item'>\n\t\t\t<dt class='gallery-icon landscape'>\n\t\t\t\t<a data-elementor-open-lightbox=\"yes\" data-elementor-lightbox-slideshow=\"d31ab42\" data-elementor-lightbox-title=\"16925611777_2dbf560296_s\" data-e-action-hash=\"#elementor-action%3Aaction%3Dlightbox%26settings%3DeyJpZCI6Mjc5LCJ1cmwiOiJodHRwczpcL1wvc29sYXJjaGVja2xsZWlkYS5lc1wvd3AtY29udGVudFwvdXBsb2Fkc1wvMjAyMVwvMTBcLzE2OTI1NjExNzc3XzJkYmY1NjAyOTZfcy5qcGciLCJzbGlkZXNob3ciOiJkMzFhYjQyIn0%3D\" href='https:\/\/solarchecklleida.es\/wp-content\/uploads\/2021\/10\/16925611777_2dbf560296_s.jpg'><img loading=\"lazy\" decoding=\"async\" width=\"75\" height=\"75\" src=\"https:\/\/solarchecklleida.es\/wp-content\/uploads\/2021\/10\/16925611777_2dbf560296_s.jpg\" class=\"attachment-full size-full\" alt=\"\" \/><\/a>\n\t\t\t<\/dt><\/dl><br style=\"clear: both\" \/><dl class='gallery-item'>\n\t\t\t<dt class='gallery-icon landscape'>\n\t\t\t\t<a data-elementor-open-lightbox=\"yes\" data-elementor-lightbox-slideshow=\"d31ab42\" data-elementor-lightbox-title=\"15591236106_aba799d301_s\" data-e-action-hash=\"#elementor-action%3Aaction%3Dlightbox%26settings%3DeyJpZCI6MjgzLCJ1cmwiOiJodHRwczpcL1wvc29sYXJjaGVja2xsZWlkYS5lc1wvd3AtY29udGVudFwvdXBsb2Fkc1wvMjAyMVwvMTBcLzE1NTkxMjM2MTA2X2FiYTc5OWQzMDFfcy5qcGciLCJzbGlkZXNob3ciOiJkMzFhYjQyIn0%3D\" href='https:\/\/solarchecklleida.es\/wp-content\/uploads\/2021\/10\/15591236106_aba799d301_s.jpg'><img loading=\"lazy\" decoding=\"async\" width=\"75\" height=\"75\" src=\"https:\/\/solarchecklleida.es\/wp-content\/uploads\/2021\/10\/15591236106_aba799d301_s.jpg\" class=\"attachment-full size-full\" alt=\"\" \/><\/a>\n\t\t\t<\/dt><\/dl><dl class='gallery-item'>\n\t\t\t<dt class='gallery-icon landscape'>\n\t\t\t\t<a data-elementor-open-lightbox=\"yes\" data-elementor-lightbox-slideshow=\"d31ab42\" data-elementor-lightbox-title=\"15763685331_f054492172_s\" data-e-action-hash=\"#elementor-action%3Aaction%3Dlightbox%26settings%3DeyJpZCI6MjgxLCJ1cmwiOiJodHRwczpcL1wvc29sYXJjaGVja2xsZWlkYS5lc1wvd3AtY29udGVudFwvdXBsb2Fkc1wvMjAyMVwvMTBcLzE1NzYzNjg1MzMxX2YwNTQ0OTIxNzJfcy5qcGciLCJzbGlkZXNob3ciOiJkMzFhYjQyIn0%3D\" href='https:\/\/solarchecklleida.es\/wp-content\/uploads\/2021\/10\/15763685331_f054492172_s.jpg'><img loading=\"lazy\" decoding=\"async\" width=\"75\" height=\"75\" src=\"https:\/\/solarchecklleida.es\/wp-content\/uploads\/2021\/10\/15763685331_f054492172_s.jpg\" class=\"attachment-full size-full\" alt=\"\" \/><\/a>\n\t\t\t<\/dt><\/dl><br style=\"clear: both\" \/>\n\t\t<\/div>\n\t\t<\/div>\n\t\t\t\t\t\t<\/div>\n\t\t\t\t<\/div>\n\t\t\t\t\t<\/div>\n\t\t<\/div>\n\t\t\t\t\t<\/div>\n\t\t<\/section>\n\t\t\t\t<section class=\"elementor-section elementor-top-section elementor-element elementor-element-87a6398 elementor-section-boxed elementor-section-height-default elementor-section-height-default elementor-invisible\" data-id=\"87a6398\" data-element_type=\"section\" data-settings=\"{&quot;animation&quot;:&quot;fadeIn&quot;,&quot;animation_delay&quot;:500}\">\n\t\t\t\t\t\t<div class=\"elementor-container elementor-column-gap-default\">\n\t\t\t\t\t<div class=\"elementor-column elementor-col-100 elementor-top-column elementor-element elementor-element-209f308\" data-id=\"209f308\" data-element_type=\"column\">\n\t\t\t<div class=\"elementor-widget-wrap elementor-element-populated\">\n\t\t\t\t\t\t<div class=\"elementor-element elementor-element-5bfadf8 elementor-widget elementor-widget-heading\" data-id=\"5bfadf8\" data-element_type=\"widget\" data-widget_type=\"heading.default\">\n\t\t\t\t<div class=\"elementor-widget-container\">\n\t\t\t\t\t<h2 class=\"elementor-heading-title elementor-size-default\">Valores a\u00f1adidos<\/h2>\t\t\t\t<\/div>\n\t\t\t\t<\/div>\n\t\t\t\t<div class=\"elementor-element elementor-element-dbc3844 elementor-widget elementor-widget-text-editor\" data-id=\"dbc3844\" data-element_type=\"widget\" data-widget_type=\"text-editor.default\">\n\t\t\t\t<div class=\"elementor-widget-container\">\n\t\t\t\t\t\t\t\t\t<p>Adem\u00e1s de la protecci\u00f3n contra la decoloraci\u00f3n, las l\u00e1minas aportan otras ventajas importantes:<\/p><ul><li>A\u00edslan t\u00e9rmicamente, protegiendo del calor solar y evitando fugas de calor.<\/li><li>Ahorran energ\u00eda en climatizaci\u00f3n.<\/li><li>Reducen reflejos y deslumbramientos.<\/li><li>Tienen un acabado est\u00e9tico, moderno y decorativo.<\/li><li>Larga duraci\u00f3n.<\/li><li>Se instalan sin obras.<\/li><li>Proporcionan seguridad. En caso de rotura del vidrio, los fragmentos permanecen unidos a la l\u00e1mina.<\/li><li>Crean un ambiente de trabajo m\u00e1s agradable.<\/li><li>No se rayan en las operaciones habituales de limpieza, pues incorporan un tratamiento anti-abrasivo.<\/li><\/ul>\t\t\t\t\t\t\t\t<\/div>\n\t\t\t\t<\/div>\n\t\t\t\t\t<\/div>\n\t\t<\/div>\n\t\t\t\t\t<\/div>\n\t\t<\/section>\n\t\t\t\t<\/div>\n\t\t","protected":false},"excerpt":{"rendered":"<p>Decoloraci\u00f3n Solarcheck Lleida &#8211;\u00a0L\u00e1minas de protecci\u00f3n solar y antidecoloraci\u00f3n La radiaci\u00f3n solar se divide en 3 bandas seg\u00fan su longitud de onda, ultravioletas, luz visible e infrarrojos y todas ellas en mayor o menor medida causa decoloraci\u00f3n en prendas, moquetas, parquets, mobiliario y art\u00edculos expuestos en escaparates. Las l\u00e1minas de [&hellip;]<\/p>\n","protected":false},"author":1,"featured_media":0,"parent":0,"menu_order":0,"comment_status":"closed","ping_status":"closed","template":"page-templates\/template-pagebuilder-full-width.php","meta":{"footnotes":""},"class_list":["post-276","page","type-page","status-publish","hentry"],"_links":{"self":[{"href":"https:\/\/solarchecklleida.es\/index.php\/wp-json\/wp\/v2\/pages\/276","targetHints":{"allow":["GET"]}}],"collection":[{"href":"https:\/\/solarchecklleida.es\/index.php\/wp-json\/wp\/v2\/pages"}],"about":[{"href":"https:\/\/solarchecklleida.es\/index.php\/wp-json\/wp\/v2\/types\/page"}],"author":[{"embeddable":true,"href":"https:\/\/solarchecklleida.es\/index.php\/wp-json\/wp\/v2\/users\/1"}],"replies":[{"embeddable":true,"href":"https:\/\/solarchecklleida.es\/index.php\/wp-json\/wp\/v2\/comments?post=276"}],"version-history":[{"count":4,"href":"https:\/\/solarchecklleida.es\/index.php\/wp-json\/wp\/v2\/pages\/276\/revisions"}],"predecessor-version":[{"id":287,"href":"https:\/\/solarchecklleida.es\/index.php\/wp-json\/wp\/v2\/pages\/276\/revisions\/287"}],"wp:attachment":[{"href":"https:\/\/solarchecklleida.es\/index.php\/wp-json\/wp\/v2\/media?parent=276"}],"curies":[{"name":"wp","href":"https:\/\/api.w.org\/{rel}","templated":true}]}}