{"id":290,"date":"2021-10-29T16:39:30","date_gmt":"2021-10-29T16:39:30","guid":{"rendered":"https:\/\/solarchecklleida.es\/?page_id=290"},"modified":"2021-10-29T16:41:29","modified_gmt":"2021-10-29T16:41:29","slug":"estores-y-cortinas","status":"publish","type":"page","link":"https:\/\/solarchecklleida.es\/index.php\/estores-y-cortinas\/","title":{"rendered":"Estores y cortinas"},"content":{"rendered":"\t\t<div data-elementor-type=\"wp-page\" data-elementor-id=\"290\" class=\"elementor elementor-290\">\n\t\t\t\t\t\t<section class=\"elementor-section elementor-top-section elementor-element elementor-element-77f0122c elementor-section-height-min-height elementor-section-stretched elementor-section-boxed elementor-section-height-default elementor-section-items-middle\" data-id=\"77f0122c\" data-element_type=\"section\" data-settings=\"{&quot;stretch_section&quot;:&quot;section-stretched&quot;,&quot;background_background&quot;:&quot;classic&quot;}\">\n\t\t\t\t\t\t<div class=\"elementor-container elementor-column-gap-default\">\n\t\t\t\t\t<div class=\"elementor-column elementor-col-100 elementor-top-column elementor-element elementor-element-5ac71d6e elementor-invisible\" data-id=\"5ac71d6e\" data-element_type=\"column\" data-settings=\"{&quot;background_background&quot;:&quot;gradient&quot;,&quot;animation&quot;:&quot;fadeIn&quot;,&quot;animation_delay&quot;:500}\">\n\t\t\t<div class=\"elementor-widget-wrap elementor-element-populated\">\n\t\t\t\t\t\t<div class=\"elementor-element elementor-element-26a91f93 elementor-widget elementor-widget-heading\" data-id=\"26a91f93\" data-element_type=\"widget\" data-widget_type=\"heading.default\">\n\t\t\t\t<div class=\"elementor-widget-container\">\n\t\t\t\t\t<h2 class=\"elementor-heading-title elementor-size-default\">Estores y cortinas<\/h2>\t\t\t\t<\/div>\n\t\t\t\t<\/div>\n\t\t\t\t<div class=\"elementor-element elementor-element-5d18881d elementor-widget elementor-widget-text-editor\" data-id=\"5d18881d\" data-element_type=\"widget\" data-widget_type=\"text-editor.default\">\n\t\t\t\t<div class=\"elementor-widget-container\">\n\t\t\t\t\t\t\t\t\t<h2>Solarcheck Lleida &#8211;\u00a0protecci\u00f3n solar<\/h2>\t\t\t\t\t\t\t\t<\/div>\n\t\t\t\t<\/div>\n\t\t\t\t\t<\/div>\n\t\t<\/div>\n\t\t\t\t\t<\/div>\n\t\t<\/section>\n\t\t\t\t<section class=\"elementor-section elementor-top-section elementor-element elementor-element-ca49728 elementor-section-boxed elementor-section-height-default elementor-section-height-default\" data-id=\"ca49728\" data-element_type=\"section\">\n\t\t\t\t\t\t<div class=\"elementor-container elementor-column-gap-default\">\n\t\t\t\t\t<div class=\"elementor-column elementor-col-50 elementor-top-column elementor-element elementor-element-a1fcc72 elementor-invisible\" data-id=\"a1fcc72\" data-element_type=\"column\" data-settings=\"{&quot;animation&quot;:&quot;fadeInLeft&quot;,&quot;animation_delay&quot;:500}\">\n\t\t\t<div class=\"elementor-widget-wrap elementor-element-populated\">\n\t\t\t\t\t\t<div class=\"elementor-element elementor-element-2c6fe26 elementor-widget elementor-widget-text-editor\" data-id=\"2c6fe26\" data-element_type=\"widget\" data-widget_type=\"text-editor.default\">\n\t\t\t\t<div class=\"elementor-widget-container\">\n\t\t\t\t\t\t\t\t\t<p>Los estores y cortinas de protecci\u00f3n solar Solarcheck\u00ae son el producto alternativo a los diferentes sistemas<\/p><p>convencionales de protecci\u00f3n solar y est\u00e1n fabricados con poli\u00e9ster metalizado \u00abembossed\u00bb que permite una difusi\u00f3n eficaz de la luz. Los estores de Solarcheck\u00ae s\u00f3n capaces de rechazar hasta el 65% de la energ\u00eda solar con lo cual se reduce dr\u00e1sticamente la ganancia de calor, se facilita la climatizaci\u00f3n y se genera un importante ahorro energ\u00e9tico. En invierno el poli\u00e9ster metalizado contribuye a preservar el calor evitando la p\u00e9rdida de este hacia el exterior.<\/p><p>Las cortinas Solarcheck\u00ae de lamas verticales de protecci\u00f3n solar constan de un riel que puede fijarse al techo o a la pared (lama de 127mm) y est\u00e1n especialmente recomendadas cuando hay que tratar zonas acristaladas de grandes dimensiones o para la sustituci\u00f3n de lamas antiguas sin protecci\u00f3n solar.<\/p>\t\t\t\t\t\t\t\t<\/div>\n\t\t\t\t<\/div>\n\t\t\t\t\t<\/div>\n\t\t<\/div>\n\t\t\t\t<div class=\"elementor-column elementor-col-50 elementor-top-column elementor-element elementor-element-5e27978 elementor-invisible\" data-id=\"5e27978\" data-element_type=\"column\" data-settings=\"{&quot;animation&quot;:&quot;fadeInRight&quot;,&quot;animation_delay&quot;:500}\">\n\t\t\t<div class=\"elementor-widget-wrap elementor-element-populated\">\n\t\t\t\t\t\t<div class=\"elementor-element elementor-element-a12f08f elementor-widget elementor-widget-image\" data-id=\"a12f08f\" data-element_type=\"widget\" data-widget_type=\"image.default\">\n\t\t\t\t<div class=\"elementor-widget-container\">\n\t\t\t\t\t\t\t\t\t\t\t\t\t\t\t<img fetchpriority=\"high\" decoding=\"async\" width=\"750\" height=\"762\" src=\"https:\/\/solarchecklleida.es\/wp-content\/uploads\/2021\/10\/refle1.jpg\" class=\"attachment-large size-large wp-image-293\" alt=\"\" srcset=\"https:\/\/solarchecklleida.es\/wp-content\/uploads\/2021\/10\/refle1.jpg 756w, https:\/\/solarchecklleida.es\/wp-content\/uploads\/2021\/10\/refle1-295x300.jpg 295w\" sizes=\"(max-width: 750px) 100vw, 750px\" \/>\t\t\t\t\t\t\t\t\t\t\t\t\t\t\t<\/div>\n\t\t\t\t<\/div>\n\t\t\t\t\t<\/div>\n\t\t<\/div>\n\t\t\t\t\t<\/div>\n\t\t<\/section>\n\t\t\t\t<\/div>\n\t\t","protected":false},"excerpt":{"rendered":"<p>Estores y cortinas Solarcheck Lleida &#8211;\u00a0protecci\u00f3n solar Los estores y cortinas de protecci\u00f3n solar Solarcheck\u00ae son el producto alternativo a los diferentes sistemas convencionales de protecci\u00f3n solar y est\u00e1n fabricados con poli\u00e9ster metalizado \u00abembossed\u00bb que permite una difusi\u00f3n eficaz de la luz. Los estores de Solarcheck\u00ae s\u00f3n capaces de rechazar [&hellip;]<\/p>\n","protected":false},"author":1,"featured_media":0,"parent":0,"menu_order":0,"comment_status":"closed","ping_status":"closed","template":"page-templates\/template-pagebuilder-full-width.php","meta":{"footnotes":""},"class_list":["post-290","page","type-page","status-publish","hentry"],"_links":{"self":[{"href":"https:\/\/solarchecklleida.es\/index.php\/wp-json\/wp\/v2\/pages\/290","targetHints":{"allow":["GET"]}}],"collection":[{"href":"https:\/\/solarchecklleida.es\/index.php\/wp-json\/wp\/v2\/pages"}],"about":[{"href":"https:\/\/solarchecklleida.es\/index.php\/wp-json\/wp\/v2\/types\/page"}],"author":[{"embeddable":true,"href":"https:\/\/solarchecklleida.es\/index.php\/wp-json\/wp\/v2\/users\/1"}],"replies":[{"embeddable":true,"href":"https:\/\/solarchecklleida.es\/index.php\/wp-json\/wp\/v2\/comments?post=290"}],"version-history":[{"count":4,"href":"https:\/\/solarchecklleida.es\/index.php\/wp-json\/wp\/v2\/pages\/290\/revisions"}],"predecessor-version":[{"id":296,"href":"https:\/\/solarchecklleida.es\/index.php\/wp-json\/wp\/v2\/pages\/290\/revisions\/296"}],"wp:attachment":[{"href":"https:\/\/solarchecklleida.es\/index.php\/wp-json\/wp\/v2\/media?parent=290"}],"curies":[{"name":"wp","href":"https:\/\/api.w.org\/{rel}","templated":true}]}}