{"id":76,"date":"2021-10-28T18:47:31","date_gmt":"2021-10-28T18:47:31","guid":{"rendered":"https:\/\/solarchecklleida.es\/?page_id=76"},"modified":"2021-11-08T17:07:08","modified_gmt":"2021-11-08T17:07:08","slug":"informacion-empresa","status":"publish","type":"page","link":"https:\/\/solarchecklleida.es\/index.php\/informacion-empresa\/","title":{"rendered":"Informaci\u00f3n empresa"},"content":{"rendered":"\t\t<div data-elementor-type=\"wp-page\" data-elementor-id=\"76\" class=\"elementor elementor-76\">\n\t\t\t\t\t\t<section class=\"elementor-section elementor-top-section elementor-element elementor-element-55f94e8 elementor-section-height-min-height elementor-section-stretched elementor-section-boxed elementor-section-height-default elementor-section-items-middle\" data-id=\"55f94e8\" data-element_type=\"section\" data-settings=\"{&quot;stretch_section&quot;:&quot;section-stretched&quot;,&quot;background_background&quot;:&quot;classic&quot;}\">\n\t\t\t\t\t\t<div class=\"elementor-container elementor-column-gap-default\">\n\t\t\t\t\t<div class=\"elementor-column elementor-col-100 elementor-top-column elementor-element elementor-element-ecc0aa9 elementor-invisible\" data-id=\"ecc0aa9\" data-element_type=\"column\" data-settings=\"{&quot;background_background&quot;:&quot;gradient&quot;,&quot;animation&quot;:&quot;fadeIn&quot;,&quot;animation_delay&quot;:500}\">\n\t\t\t<div class=\"elementor-widget-wrap elementor-element-populated\">\n\t\t\t\t\t\t<div class=\"elementor-element elementor-element-da8f7f6 elementor-widget elementor-widget-heading\" data-id=\"da8f7f6\" data-element_type=\"widget\" data-widget_type=\"heading.default\">\n\t\t\t\t<div class=\"elementor-widget-container\">\n\t\t\t\t\t<h2 class=\"elementor-heading-title elementor-size-default\">Empresa<\/h2>\t\t\t\t<\/div>\n\t\t\t\t<\/div>\n\t\t\t\t<div class=\"elementor-element elementor-element-cd10f1c elementor-widget elementor-widget-text-editor\" data-id=\"cd10f1c\" data-element_type=\"widget\" data-widget_type=\"text-editor.default\">\n\t\t\t\t<div class=\"elementor-widget-container\">\n\t\t\t\t\t\t\t\t\t<h2>Solarcheck Lleida &#8211; L\u00e1minas de protecci\u00f3n solar<\/h2>\t\t\t\t\t\t\t\t<\/div>\n\t\t\t\t<\/div>\n\t\t\t\t\t<\/div>\n\t\t<\/div>\n\t\t\t\t\t<\/div>\n\t\t<\/section>\n\t\t\t\t<section class=\"elementor-section elementor-top-section elementor-element elementor-element-65f49ec elementor-section-boxed elementor-section-height-default elementor-section-height-default\" data-id=\"65f49ec\" data-element_type=\"section\">\n\t\t\t\t\t\t<div class=\"elementor-container elementor-column-gap-default\">\n\t\t\t\t\t<div class=\"elementor-column elementor-col-50 elementor-top-column elementor-element elementor-element-c3f3a3e elementor-invisible\" data-id=\"c3f3a3e\" data-element_type=\"column\" data-settings=\"{&quot;animation&quot;:&quot;fadeInLeft&quot;,&quot;animation_delay&quot;:1000}\">\n\t\t\t<div class=\"elementor-widget-wrap elementor-element-populated\">\n\t\t\t\t\t\t<div class=\"elementor-element elementor-element-d7bd2e4 elementor-widget elementor-widget-text-editor\" data-id=\"d7bd2e4\" data-element_type=\"widget\" data-widget_type=\"text-editor.default\">\n\t\t\t\t<div class=\"elementor-widget-container\">\n\t\t\t\t\t\t\t\t\t<p>Desde 1998 Solarcheck es l\u00edder en Lleida en la instalaci\u00f3n de l\u00e1minas de protecci\u00f3n solar para\u00a0veh\u00edculos y edificios.<\/p><p>La incorporaci\u00f3n de nuevas tecnolog\u00edas en el proceso productivo (ComputerCut, l\u00e1minas HP,\u00a0etc\u2026), experiencia de mas de 20 a\u00f1os y especializaci\u00f3n exclusiva hacen que las l\u00e1minas\u00a0Solarcheck instaladas por nuestros profesionales tengan un gran valor a\u00f1adido de calidad,\u00a0profesionalidad y precio.<\/p><p>Las l\u00e1minas de protecci\u00f3n solar Solarcheck\u00ae s\u00f3n la mejor opci\u00f3n para la protecci\u00f3n solar de tu veh\u00edculo, hogar u oficina y aumentan la seguridad en caso de rotura del cristal. Adem\u00e1s las l\u00e1minas Solarcheck hacen disminuir el coste energ\u00e9tico de climatizaci\u00f3n de tu vivienda y te ayudan a ahorrar en la factura de la electricidad.<\/p><p>Las l\u00e1minas de protecci\u00f3n solar Solarcheck se instalan r\u00e1pido, limpio y sin nece sidad de desmontar ventanas o cristales.<\/p>\t\t\t\t\t\t\t\t<\/div>\n\t\t\t\t<\/div>\n\t\t\t\t\t<\/div>\n\t\t<\/div>\n\t\t\t\t<div class=\"elementor-column elementor-col-50 elementor-top-column elementor-element elementor-element-7239dba elementor-invisible\" data-id=\"7239dba\" data-element_type=\"column\" data-settings=\"{&quot;animation&quot;:&quot;fadeInRight&quot;,&quot;animation_delay&quot;:1000}\">\n\t\t\t<div class=\"elementor-widget-wrap elementor-element-populated\">\n\t\t\t\t\t\t<div class=\"elementor-element elementor-element-a35876e elementor-widget elementor-widget-image\" data-id=\"a35876e\" data-element_type=\"widget\" data-widget_type=\"image.default\">\n\t\t\t\t<div class=\"elementor-widget-container\">\n\t\t\t\t\t\t\t\t\t\t\t\t\t\t\t<img fetchpriority=\"high\" decoding=\"async\" width=\"500\" height=\"246\" src=\"https:\/\/solarchecklleida.es\/wp-content\/uploads\/2021\/10\/taller_pa.jpg\" class=\"attachment-large size-large wp-image-90\" alt=\"\" srcset=\"https:\/\/solarchecklleida.es\/wp-content\/uploads\/2021\/10\/taller_pa.jpg 500w, https:\/\/solarchecklleida.es\/wp-content\/uploads\/2021\/10\/taller_pa-300x148.jpg 300w\" sizes=\"(max-width: 500px) 100vw, 500px\" \/>\t\t\t\t\t\t\t\t\t\t\t\t\t\t\t<\/div>\n\t\t\t\t<\/div>\n\t\t\t\t\t<\/div>\n\t\t<\/div>\n\t\t\t\t\t<\/div>\n\t\t<\/section>\n\t\t\t\t<section class=\"elementor-section elementor-top-section elementor-element elementor-element-af63bc9 elementor-section-boxed elementor-section-height-default elementor-section-height-default\" data-id=\"af63bc9\" data-element_type=\"section\">\n\t\t\t\t\t\t<div class=\"elementor-container elementor-column-gap-default\">\n\t\t\t\t\t<div class=\"elementor-column elementor-col-100 elementor-top-column elementor-element elementor-element-ed37a06\" data-id=\"ed37a06\" data-element_type=\"column\">\n\t\t\t<div class=\"elementor-widget-wrap elementor-element-populated\">\n\t\t\t\t\t\t<div class=\"elementor-element elementor-element-eb778cd elementor-invisible elementor-widget elementor-widget-text-editor\" data-id=\"eb778cd\" data-element_type=\"widget\" data-settings=\"{&quot;_animation&quot;:&quot;fadeIn&quot;,&quot;_animation_delay&quot;:500}\" data-widget_type=\"text-editor.default\">\n\t\t\t\t<div class=\"elementor-widget-container\">\n\t\t\t\t\t\t\t\t\t<p><span>La incorporaci\u00f3n de nuevos productos como la nueva\u00a0s\u00e9rie\u00a0de l\u00e1minas\u00a0UP\u00a0Supreme, nuevas tecnolog\u00edas en producci\u00f3n (computercut)\u00a0y dilatada experi\u00e9ncia nos han consolidado como l\u00edderes de nuestro sector.<\/span><\/p>\t\t\t\t\t\t\t\t<\/div>\n\t\t\t\t<\/div>\n\t\t\t\t\t<\/div>\n\t\t<\/div>\n\t\t\t\t\t<\/div>\n\t\t<\/section>\n\t\t\t\t<section class=\"elementor-section elementor-top-section elementor-element elementor-element-3c455e7f elementor-section-full_width elementor-section-height-default elementor-section-height-default\" data-id=\"3c455e7f\" data-element_type=\"section\">\n\t\t\t\t\t\t<div class=\"elementor-container elementor-column-gap-no\">\n\t\t\t\t\t<div class=\"elementor-column elementor-col-100 elementor-top-column elementor-element elementor-element-3a5dd73d\" data-id=\"3a5dd73d\" data-element_type=\"column\">\n\t\t\t<div class=\"elementor-widget-wrap elementor-element-populated\">\n\t\t\t\t\t\t<section class=\"elementor-section elementor-inner-section elementor-element elementor-element-1a888051 elementor-section-content-middle elementor-section-boxed elementor-section-height-default elementor-section-height-default\" data-id=\"1a888051\" data-element_type=\"section\">\n\t\t\t\t\t\t<div class=\"elementor-container elementor-column-gap-no\">\n\t\t\t\t\t<div class=\"elementor-column elementor-col-33 elementor-inner-column elementor-element elementor-element-41c0b9e6 elementor-invisible\" data-id=\"41c0b9e6\" data-element_type=\"column\" data-settings=\"{&quot;animation&quot;:&quot;fadeInUp&quot;,&quot;animation_delay&quot;:500}\">\n\t\t\t<div class=\"elementor-widget-wrap elementor-element-populated\">\n\t\t\t\t\t\t<div class=\"elementor-element elementor-element-4dff313c elementor-widget elementor-widget-heading\" data-id=\"4dff313c\" data-element_type=\"widget\" data-widget_type=\"heading.default\">\n\t\t\t\t<div class=\"elementor-widget-container\">\n\t\t\t\t\t<h6 class=\"elementor-heading-title elementor-size-default\">Ubicaci\u00f3n<\/h6>\t\t\t\t<\/div>\n\t\t\t\t<\/div>\n\t\t\t\t<div class=\"elementor-element elementor-element-54ed2e33 elementor-widget elementor-widget-text-editor\" data-id=\"54ed2e33\" data-element_type=\"widget\" data-widget_type=\"text-editor.default\">\n\t\t\t\t<div class=\"elementor-widget-container\">\n\t\t\t\t\t\t\t\t\t<address><em>C\/Ind\u00edvil i Mandoni, 3 (bajos)<\/em><\/address><address><em>25003 &#8211; Lleida<\/em><\/address>\t\t\t\t\t\t\t\t<\/div>\n\t\t\t\t<\/div>\n\t\t\t\t\t<\/div>\n\t\t<\/div>\n\t\t\t\t<div class=\"elementor-column elementor-col-33 elementor-inner-column elementor-element elementor-element-1a84414a elementor-invisible\" data-id=\"1a84414a\" data-element_type=\"column\" data-settings=\"{&quot;animation&quot;:&quot;fadeInUp&quot;,&quot;animation_delay&quot;:1000}\">\n\t\t\t<div class=\"elementor-widget-wrap elementor-element-populated\">\n\t\t\t\t\t\t<div class=\"elementor-element elementor-element-6fd580e4 elementor-widget elementor-widget-heading\" data-id=\"6fd580e4\" data-element_type=\"widget\" data-widget_type=\"heading.default\">\n\t\t\t\t<div class=\"elementor-widget-container\">\n\t\t\t\t\t<h6 class=\"elementor-heading-title elementor-size-default\">Nuestros horarios<\/h6>\t\t\t\t<\/div>\n\t\t\t\t<\/div>\n\t\t\t\t<div class=\"elementor-element elementor-element-445a1c64 elementor-widget elementor-widget-text-editor\" data-id=\"445a1c64\" data-element_type=\"widget\" data-widget_type=\"text-editor.default\">\n\t\t\t\t<div class=\"elementor-widget-container\">\n\t\t\t\t\t\t\t\t\t<p><strong>De lunes a jueves de 8h a 18h.<br \/>Viernes de 8 a 15h.<br \/>Sabados CERRADOS.<\/strong><\/p>\t\t\t\t\t\t\t\t<\/div>\n\t\t\t\t<\/div>\n\t\t\t\t\t<\/div>\n\t\t<\/div>\n\t\t\t\t<div class=\"elementor-column elementor-col-33 elementor-inner-column elementor-element elementor-element-4b541de3 elementor-invisible\" data-id=\"4b541de3\" data-element_type=\"column\" data-settings=\"{&quot;animation&quot;:&quot;fadeInUp&quot;,&quot;animation_delay&quot;:1500}\">\n\t\t\t<div class=\"elementor-widget-wrap elementor-element-populated\">\n\t\t\t\t\t\t<div class=\"elementor-element elementor-element-3d8266a7 elementor-widget elementor-widget-heading\" data-id=\"3d8266a7\" data-element_type=\"widget\" data-widget_type=\"heading.default\">\n\t\t\t\t<div class=\"elementor-widget-container\">\n\t\t\t\t\t<h6 class=\"elementor-heading-title elementor-size-default\">Contacto<\/h6>\t\t\t\t<\/div>\n\t\t\t\t<\/div>\n\t\t\t\t<div class=\"elementor-element elementor-element-d9f2783 elementor-view-default elementor-widget elementor-widget-icon\" data-id=\"d9f2783\" data-element_type=\"widget\" data-widget_type=\"icon.default\">\n\t\t\t\t<div class=\"elementor-widget-container\">\n\t\t\t\t\t\t\t<div class=\"elementor-icon-wrapper\">\n\t\t\t<div class=\"elementor-icon\">\n\t\t\t<i aria-hidden=\"true\" class=\"fas fa-phone-square-alt\"><\/i>\t\t\t<\/div>\n\t\t<\/div>\n\t\t\t\t\t\t<\/div>\n\t\t\t\t<\/div>\n\t\t\t\t<div class=\"elementor-element elementor-element-436f137e elementor-widget elementor-widget-text-editor\" data-id=\"436f137e\" data-element_type=\"widget\" data-widget_type=\"text-editor.default\">\n\t\t\t\t<div class=\"elementor-widget-container\">\n\t\t\t\t\t\t\t\t\t<address><em>973 28 81 76<\/em><\/address>\t\t\t\t\t\t\t\t<\/div>\n\t\t\t\t<\/div>\n\t\t\t\t<div class=\"elementor-element elementor-element-7c9d838 elementor-view-default elementor-widget elementor-widget-icon\" data-id=\"7c9d838\" data-element_type=\"widget\" data-widget_type=\"icon.default\">\n\t\t\t\t<div class=\"elementor-widget-container\">\n\t\t\t\t\t\t\t<div class=\"elementor-icon-wrapper\">\n\t\t\t<div class=\"elementor-icon\">\n\t\t\t<i aria-hidden=\"true\" class=\"fas fa-envelope\"><\/i>\t\t\t<\/div>\n\t\t<\/div>\n\t\t\t\t\t\t<\/div>\n\t\t\t\t<\/div>\n\t\t\t\t<div class=\"elementor-element elementor-element-33369c8 elementor-widget elementor-widget-text-editor\" data-id=\"33369c8\" data-element_type=\"widget\" data-widget_type=\"text-editor.default\">\n\t\t\t\t<div class=\"elementor-widget-container\">\n\t\t\t\t\t\t\t\t\t<address><a href=\"mailto:autovidres@gmail.com\">autovidres@gmail.com<\/a><\/address>\t\t\t\t\t\t\t\t<\/div>\n\t\t\t\t<\/div>\n\t\t\t\t\t<\/div>\n\t\t<\/div>\n\t\t\t\t\t<\/div>\n\t\t<\/section>\n\t\t\t\t\t<\/div>\n\t\t<\/div>\n\t\t\t\t\t<\/div>\n\t\t<\/section>\n\t\t\t\t<\/div>\n\t\t","protected":false},"excerpt":{"rendered":"<p>Empresa Solarcheck Lleida &#8211; L\u00e1minas de protecci\u00f3n solar Desde 1998 Solarcheck es l\u00edder en Lleida en la instalaci\u00f3n de l\u00e1minas de protecci\u00f3n solar para\u00a0veh\u00edculos y edificios. La incorporaci\u00f3n de nuevas tecnolog\u00edas en el proceso productivo (ComputerCut, l\u00e1minas HP,\u00a0etc\u2026), experiencia de mas de 20 a\u00f1os y especializaci\u00f3n exclusiva hacen que las [&hellip;]<\/p>\n","protected":false},"author":1,"featured_media":0,"parent":0,"menu_order":0,"comment_status":"closed","ping_status":"closed","template":"page-templates\/template-pagebuilder-full-width.php","meta":{"footnotes":""},"class_list":["post-76","page","type-page","status-publish","hentry"],"_links":{"self":[{"href":"https:\/\/solarchecklleida.es\/index.php\/wp-json\/wp\/v2\/pages\/76","targetHints":{"allow":["GET"]}}],"collection":[{"href":"https:\/\/solarchecklleida.es\/index.php\/wp-json\/wp\/v2\/pages"}],"about":[{"href":"https:\/\/solarchecklleida.es\/index.php\/wp-json\/wp\/v2\/types\/page"}],"author":[{"embeddable":true,"href":"https:\/\/solarchecklleida.es\/index.php\/wp-json\/wp\/v2\/users\/1"}],"replies":[{"embeddable":true,"href":"https:\/\/solarchecklleida.es\/index.php\/wp-json\/wp\/v2\/comments?post=76"}],"version-history":[{"count":29,"href":"https:\/\/solarchecklleida.es\/index.php\/wp-json\/wp\/v2\/pages\/76\/revisions"}],"predecessor-version":[{"id":465,"href":"https:\/\/solarchecklleida.es\/index.php\/wp-json\/wp\/v2\/pages\/76\/revisions\/465"}],"wp:attachment":[{"href":"https:\/\/solarchecklleida.es\/index.php\/wp-json\/wp\/v2\/media?parent=76"}],"curies":[{"name":"wp","href":"https:\/\/api.w.org\/{rel}","templated":true}]}}